{"id":5162,"date":"2025-10-08T21:32:48","date_gmt":"2025-10-08T21:32:48","guid":{"rendered":"https:\/\/m66tg.org\/produit\/set-de-pins\/"},"modified":"2025-10-08T21:32:58","modified_gmt":"2025-10-08T21:32:58","slug":"set-of-pins","status":"publish","type":"product","link":"https:\/\/m66tg.org\/en\/product\/set-of-pins\/","title":{"rendered":"Set of pins"},"content":{"rendered":"<p>Make a powerful statement with high-quality pins. They're lightweight, sturdy and easy to pin. With a scratch- and UV-resistant coating and a glossy finish, these pins are built to last. Display the things that matter to you and add a personal touch to your garments or accessories with sensational pins. <\/p>\n<p>- Set of 5 <br \/>\n- Made of tinplate<br \/>\n- Scratch- and UV-resistant mylar coating<br \/>\n- Gloss finish<br \/>\n- Easy to pin<\/p>","protected":false},"excerpt":{"rendered":"<p>Exprimez-vous de fa\u00e7on percutante avec des pins de grande qualit\u00e9. Ils sont l\u00e9gers, robustes et faciles \u00e0 \u00e9pingler. Avec un rev\u00eatement r\u00e9sistant aux rayures et aux UV ainsi qu&#8217;un fini brillant, ces pins sont con\u00e7us pour durer. Affichez les choses qui vous tiennent \u00e0 c\u0153ur et ajoutez une touche personnelle \u00e0 vos v\u00eatements ou accessoires [&hellip;]<\/p>\n","protected":false},"featured_media":5165,"comment_status":"open","ping_status":"closed","template":"","meta":{"give_campaign_id":0},"product_brand":[],"product_cat":[15],"product_tag":[],"class_list":{"0":"post-5162","1":"product","2":"type-product","3":"status-publish","4":"has-post-thumbnail","6":"product_cat-m66","8":"first","9":"instock","10":"shipping-taxable","11":"purchasable","12":"product-type-variable"},"_links":{"self":[{"href":"https:\/\/m66tg.org\/en\/wp-json\/wp\/v2\/product\/5162","targetHints":{"allow":["GET"]}}],"collection":[{"href":"https:\/\/m66tg.org\/en\/wp-json\/wp\/v2\/product"}],"about":[{"href":"https:\/\/m66tg.org\/en\/wp-json\/wp\/v2\/types\/product"}],"replies":[{"embeddable":true,"href":"https:\/\/m66tg.org\/en\/wp-json\/wp\/v2\/comments?post=5162"}],"wp:featuredmedia":[{"embeddable":true,"href":"https:\/\/m66tg.org\/en\/wp-json\/wp\/v2\/media\/5165"}],"wp:attachment":[{"href":"https:\/\/m66tg.org\/en\/wp-json\/wp\/v2\/media?parent=5162"}],"wp:term":[{"taxonomy":"product_brand","embeddable":true,"href":"https:\/\/m66tg.org\/en\/wp-json\/wp\/v2\/product_brand?post=5162"},{"taxonomy":"product_cat","embeddable":true,"href":"https:\/\/m66tg.org\/en\/wp-json\/wp\/v2\/product_cat?post=5162"},{"taxonomy":"product_tag","embeddable":true,"href":"https:\/\/m66tg.org\/en\/wp-json\/wp\/v2\/product_tag?post=5162"}],"curies":[{"name":"wp","href":"https:\/\/api.w.org\/{rel}","templated":true}]}}