{"id":5147,"date":"2025-10-08T21:26:46","date_gmt":"2025-10-08T21:26:46","guid":{"rendered":"https:\/\/m66tg.org\/produit\/sweatshirt-premium-unisexe\/"},"modified":"2025-10-08T21:27:00","modified_gmt":"2025-10-08T21:27:00","slug":"premium-unisex-sweatshirt","status":"publish","type":"product","link":"https:\/\/m66tg.org\/en\/product\/premium-unisex-sweatshirt\/","title":{"rendered":"Unisex premium sweatshirt"},"content":{"rendered":"<p>Liven up a classic sweatshirt with its ribbed crew neck, long sleeves and flat hem. Layer it or wear it on its own for a contemporary look. With its soft fleece interior and comfortable fit, it's sure to become your go-to sweater!<\/p>\n<p>- 100 % cotton<br \/>\n- 65 % cotton, 35 % polyester<br \/>\n- Charcoal Heather color is composed of 55 % cotton, 45 % polyester<br \/>\n- Fabric weight: 288.2 g\/m\u00b2 (8.5 oz\/y\u00b2)<br \/>\n- Tight-knit fleece with 3 ends<br \/>\n- Side seams<br \/>\n- Fabric badge on rear<br \/>\n- Ribbed collar, cuffs and hem with two rigid needles<br \/>\n- Virgin product from Pakistan<\/p>\n<p>Warning: this sweatshirt runs small. For a perfect fit, we recommend that you order one size larger than your usual size.<\/p>","protected":false},"excerpt":{"rendered":"<p>Donnez du peps \u00e0 un sweat-shirt classique gr\u00e2ce \u00e0 son col ras du cou c\u00f4tel\u00e9, ses manches longues et son ourlet plat. Superposez-le ou portez-le seul pour un look contemporain. Avec son int\u00e9rieur en polaire douce et sa coupe confortable, il deviendra sans aucun doute votre pull f\u00e9tiche ! \u2022 100\u00a0% coton \u2022 65\u00a0% coton, [&hellip;]<\/p>\n","protected":false},"featured_media":5156,"comment_status":"open","ping_status":"closed","template":"","meta":{"give_campaign_id":0},"product_brand":[],"product_cat":[15],"product_tag":[],"class_list":{"0":"post-5147","1":"product","2":"type-product","3":"status-publish","4":"has-post-thumbnail","6":"product_cat-m66","8":"first","9":"instock","10":"shipping-taxable","11":"purchasable","12":"product-type-variable"},"_links":{"self":[{"href":"https:\/\/m66tg.org\/en\/wp-json\/wp\/v2\/product\/5147","targetHints":{"allow":["GET"]}}],"collection":[{"href":"https:\/\/m66tg.org\/en\/wp-json\/wp\/v2\/product"}],"about":[{"href":"https:\/\/m66tg.org\/en\/wp-json\/wp\/v2\/types\/product"}],"replies":[{"embeddable":true,"href":"https:\/\/m66tg.org\/en\/wp-json\/wp\/v2\/comments?post=5147"}],"wp:featuredmedia":[{"embeddable":true,"href":"https:\/\/m66tg.org\/en\/wp-json\/wp\/v2\/media\/5156"}],"wp:attachment":[{"href":"https:\/\/m66tg.org\/en\/wp-json\/wp\/v2\/media?parent=5147"}],"wp:term":[{"taxonomy":"product_brand","embeddable":true,"href":"https:\/\/m66tg.org\/en\/wp-json\/wp\/v2\/product_brand?post=5147"},{"taxonomy":"product_cat","embeddable":true,"href":"https:\/\/m66tg.org\/en\/wp-json\/wp\/v2\/product_cat?post=5147"},{"taxonomy":"product_tag","embeddable":true,"href":"https:\/\/m66tg.org\/en\/wp-json\/wp\/v2\/product_tag?post=5147"}],"curies":[{"name":"wp","href":"https:\/\/api.w.org\/{rel}","templated":true}]}}