{"id":5135,"date":"2025-10-08T21:19:59","date_gmt":"2025-10-08T21:19:59","guid":{"rendered":"https:\/\/m66tg.org\/produit\/sweat-classique-enfant-gildan-18000b\/"},"modified":"2025-10-08T21:20:07","modified_gmt":"2025-10-08T21:20:07","slug":"classic-sweatshirt-kids-gildan-18000b","status":"publish","type":"product","link":"https:\/\/m66tg.org\/en\/product\/classic-sweatshirt-kids-gildan-18000b\/","title":{"rendered":"Kid's classic sweatshirt | Gildan 18000B"},"content":{"rendered":"<p>Comfortable and cool, this youth crew-neck sweatshirt is designed for all adventures. Made from soft fleece fabric, it's easy to wear and wash. Whether going out or snuggling up on the sofa, youngsters will love the look and feel of this sweatshirt.<\/p>\n<p>- 50 % cotton, 50 % polyester<br \/>\n- Fabric weight: 271.25 g\/m\u00b2 (8 oz\/yd\u00b2)<br \/>\n- Air-sprayed fleece fabric<br \/>\n- Standard cut<br \/>\n- Double-needle stitching on shoulders, armholes, neck, waistband and cuffs<br \/>\n- Fabric is certified OEKO-TEX Standard 100<\/p>\n<p>Warning: due to the properties of the fabric, the white color variant may appear off-white rather than bright white.<\/p>","protected":false},"excerpt":{"rendered":"<p>Confortable et cool, ce sweat-shirt \u00e0 col ras du cou pour jeunes est con\u00e7u pour toutes les aventures. Fabriqu\u00e9 \u00e0 partir de tissu en polaire douce, il est facile \u00e0 porter et \u00e0 laver. Que ce soit pour sortir ou pour se blottir sur le canap\u00e9, les jeunes adoreront le look et la sensation de [&hellip;]<\/p>\n","protected":false},"featured_media":5143,"comment_status":"open","ping_status":"closed","template":"","meta":{"give_campaign_id":0},"product_brand":[],"product_cat":[15],"product_tag":[],"class_list":{"0":"post-5135","1":"product","2":"type-product","3":"status-publish","4":"has-post-thumbnail","6":"product_cat-m66","8":"first","9":"instock","10":"shipping-taxable","11":"purchasable","12":"product-type-variable"},"_links":{"self":[{"href":"https:\/\/m66tg.org\/en\/wp-json\/wp\/v2\/product\/5135","targetHints":{"allow":["GET"]}}],"collection":[{"href":"https:\/\/m66tg.org\/en\/wp-json\/wp\/v2\/product"}],"about":[{"href":"https:\/\/m66tg.org\/en\/wp-json\/wp\/v2\/types\/product"}],"replies":[{"embeddable":true,"href":"https:\/\/m66tg.org\/en\/wp-json\/wp\/v2\/comments?post=5135"}],"wp:featuredmedia":[{"embeddable":true,"href":"https:\/\/m66tg.org\/en\/wp-json\/wp\/v2\/media\/5143"}],"wp:attachment":[{"href":"https:\/\/m66tg.org\/en\/wp-json\/wp\/v2\/media?parent=5135"}],"wp:term":[{"taxonomy":"product_brand","embeddable":true,"href":"https:\/\/m66tg.org\/en\/wp-json\/wp\/v2\/product_brand?post=5135"},{"taxonomy":"product_cat","embeddable":true,"href":"https:\/\/m66tg.org\/en\/wp-json\/wp\/v2\/product_cat?post=5135"},{"taxonomy":"product_tag","embeddable":true,"href":"https:\/\/m66tg.org\/en\/wp-json\/wp\/v2\/product_tag?post=5135"}],"curies":[{"name":"wp","href":"https:\/\/api.w.org\/{rel}","templated":true}]}}