{"id":5119,"date":"2025-10-08T20:36:37","date_gmt":"2025-10-08T20:36:37","guid":{"rendered":"https:\/\/m66tg.org\/produit\/maillot-all-over-unisexe\/"},"modified":"2026-03-12T18:14:08","modified_gmt":"2026-03-12T18:14:08","slug":"unisex-all-over-jersey","status":"publish","type":"product","link":"https:\/\/m66tg.org\/en\/product\/unisex-all-over-jersey\/","title":{"rendered":"Unisex all-over jersey"},"content":{"rendered":"<p>Made from breathable 100% polyester mesh, this unisex sports jersey offers optimal ventilation and comfort during intense workouts or leisure activities. The jersey's relaxed fit and elongated length offer greater coverage, while the collar finish ensures long-term resistance and a polished look. <\/p>\n<p>- 100 % breathable polyester (mesh)<br \/>\n- Fabric weight: 140 g\/m\u00b2 (4.13 oz\/yd\u00b2)<br \/>\n- Comfortable fit<br \/>\n- Elastic and resistant<br \/>\n- Side seam<br \/>\n- Long length<br \/>\n- Short raglan sleeves<br \/>\n- Collar edging<br \/>\n- Classic crew neckline\t<br \/>\n- Virgin product from China<\/p>","protected":false},"excerpt":{"rendered":"<p>Fabriqu\u00e9 en maille 100% polyester respirante, ce maillot de sport unisexe offre une ventilation et un confort optimaux lors d&#8217;entra\u00eenements intenses ou d&#8217;activit\u00e9s de loisir. La coupe d\u00e9contract\u00e9e et la longueur allong\u00e9e du maillot offrent une plus grande couvrance, tandis que la finition du col assure une r\u00e9sistance \u00e0 long terme et un look soign\u00e9. [&hellip;]<\/p>\n","protected":false},"featured_media":5125,"comment_status":"open","ping_status":"closed","template":"","meta":{"give_campaign_id":0},"product_brand":[],"product_cat":[15],"product_tag":[],"class_list":{"0":"post-5119","1":"product","2":"type-product","3":"status-publish","4":"has-post-thumbnail","6":"product_cat-m66","8":"first","9":"instock","10":"shipping-taxable","11":"purchasable","12":"product-type-variable"},"_links":{"self":[{"href":"https:\/\/m66tg.org\/en\/wp-json\/wp\/v2\/product\/5119","targetHints":{"allow":["GET"]}}],"collection":[{"href":"https:\/\/m66tg.org\/en\/wp-json\/wp\/v2\/product"}],"about":[{"href":"https:\/\/m66tg.org\/en\/wp-json\/wp\/v2\/types\/product"}],"replies":[{"embeddable":true,"href":"https:\/\/m66tg.org\/en\/wp-json\/wp\/v2\/comments?post=5119"}],"wp:featuredmedia":[{"embeddable":true,"href":"https:\/\/m66tg.org\/en\/wp-json\/wp\/v2\/media\/5125"}],"wp:attachment":[{"href":"https:\/\/m66tg.org\/en\/wp-json\/wp\/v2\/media?parent=5119"}],"wp:term":[{"taxonomy":"product_brand","embeddable":true,"href":"https:\/\/m66tg.org\/en\/wp-json\/wp\/v2\/product_brand?post=5119"},{"taxonomy":"product_cat","embeddable":true,"href":"https:\/\/m66tg.org\/en\/wp-json\/wp\/v2\/product_cat?post=5119"},{"taxonomy":"product_tag","embeddable":true,"href":"https:\/\/m66tg.org\/en\/wp-json\/wp\/v2\/product_tag?post=5119"}],"curies":[{"name":"wp","href":"https:\/\/api.w.org\/{rel}","templated":true}]}}