{"id":5108,"date":"2025-10-08T20:26:44","date_gmt":"2025-10-08T20:26:44","guid":{"rendered":"https:\/\/m66tg.org\/produit\/t-shirt-classique-unisexe\/"},"modified":"2025-10-10T08:29:05","modified_gmt":"2025-10-10T08:29:05","slug":"classic-unisex-t-shirt","status":"publish","type":"product","link":"https:\/\/m66tg.org\/en\/product\/classic-unisex-t-shirt\/","title":{"rendered":"Classic unisex T-shirt"},"content":{"rendered":"<p>The classic unisex 100 % cotton t-shirt will help you achieve a more structured look. Its attractive cut and clean lines at the edges make it easy to match with layered streetwear outfits. What's more, it's extremely fashionable right now!<\/p>\n<p>- 100 % cotton<br \/>\n- Sport grey is composed of 90 % cotton and 10 % polyester.<br \/>\n- Ash grey is composed of 99 % cotton and 1 % polyester.<br \/>\n- The mottled colors are 50 % cotton and 50 % polyester.<br \/>\n- Fabric weight: 170-180 g\/m\u00b2 (5.0-5.3 oz\/yd\u00b2)<br \/>\n- Open wire<br \/>\n- Tubular fabric<br \/>\n- Collar and shoulder ribbon<br \/>\n- Double-stitched sleeves and bottom hem<br \/>\n- Virgin product from Honduras, Nicaragua, Haiti, Dominican Republic, Bangladesh, Mexico<\/p>\n<p>Warnings :\u00a0<br \/>\n- Due to the properties of the fabric, the white color variant may appear off-white rather than bright white.<br \/>\n- Dark spots may be observed for Natural color.<\/p>","protected":false},"excerpt":{"rendered":"<p>Le t-shirt classique unisexe 100\u00a0% coton vous aidera \u00e0 obtenir un look plus structur\u00e9. Sa jolie coupe et ses lignes nettes sur les bords en font un v\u00eatement facile \u00e0 assortir avec les tenues streetwear superpos\u00e9es. De plus, il est extr\u00eamement tendance maintenant\u00a0! \u2022 100\u00a0% coton \u2022 Le gris sport est compos\u00e9 de 90\u00a0% de [&hellip;]<\/p>\n","protected":false},"featured_media":5117,"comment_status":"open","ping_status":"closed","template":"","meta":{"give_campaign_id":0},"product_brand":[],"product_cat":[15],"product_tag":[],"class_list":{"0":"post-5108","1":"product","2":"type-product","3":"status-publish","4":"has-post-thumbnail","6":"product_cat-m66","8":"first","9":"instock","10":"shipping-taxable","11":"purchasable","12":"product-type-variable"},"_links":{"self":[{"href":"https:\/\/m66tg.org\/en\/wp-json\/wp\/v2\/product\/5108","targetHints":{"allow":["GET"]}}],"collection":[{"href":"https:\/\/m66tg.org\/en\/wp-json\/wp\/v2\/product"}],"about":[{"href":"https:\/\/m66tg.org\/en\/wp-json\/wp\/v2\/types\/product"}],"replies":[{"embeddable":true,"href":"https:\/\/m66tg.org\/en\/wp-json\/wp\/v2\/comments?post=5108"}],"wp:featuredmedia":[{"embeddable":true,"href":"https:\/\/m66tg.org\/en\/wp-json\/wp\/v2\/media\/5117"}],"wp:attachment":[{"href":"https:\/\/m66tg.org\/en\/wp-json\/wp\/v2\/media?parent=5108"}],"wp:term":[{"taxonomy":"product_brand","embeddable":true,"href":"https:\/\/m66tg.org\/en\/wp-json\/wp\/v2\/product_brand?post=5108"},{"taxonomy":"product_cat","embeddable":true,"href":"https:\/\/m66tg.org\/en\/wp-json\/wp\/v2\/product_cat?post=5108"},{"taxonomy":"product_tag","embeddable":true,"href":"https:\/\/m66tg.org\/en\/wp-json\/wp\/v2\/product_tag?post=5108"}],"curies":[{"name":"wp","href":"https:\/\/api.w.org\/{rel}","templated":true}]}}