{"id":4803,"date":"2025-10-04T15:45:33","date_gmt":"2025-10-04T15:45:33","guid":{"rendered":"https:\/\/m66tg.org\/?page_id=4803"},"modified":"2025-10-04T15:47:21","modified_gmt":"2025-10-04T15:47:21","slug":"citizen-testimonials","status":"publish","type":"page","link":"https:\/\/m66tg.org\/en\/citizen-testimonials\/","title":{"rendered":"Citizen testimonials"},"content":{"rendered":"\t\t<div data-elementor-type=\"wp-page\" data-elementor-id=\"4803\" class=\"elementor elementor-4803\">\n\t\t\t\t<div class=\"elementor-element elementor-element-287f6a1f e-flex e-con-boxed e-con e-parent\" data-id=\"287f6a1f\" data-element_type=\"container\" data-e-type=\"container\">\n\t\t\t\t\t<div class=\"e-con-inner\">\n\t\t\t\t<div class=\"elementor-element elementor-element-302f2935 elementor-widget elementor-widget-text-editor\" data-id=\"302f2935\" data-element_type=\"widget\" data-e-type=\"widget\" data-widget_type=\"text-editor.default\">\n\t\t\t\t\t\t\t\t\t\n<h3 class=\"wp-block-heading\">Exprimez-vous en toute discr\u00e9tion.<\/h3>\n\n<p>Vous avez \u00e9t\u00e9 t\u00e9moin ou victime d\u2019un abus, d\u2019une injustice, d\u2019un acte de r\u00e9pression ou de violence au Togo ?<br \/>Vous avez une histoire \u00e0 partager li\u00e9e \u00e0 la situation politique, sociale ou s\u00e9curitaire du pays ?<\/p>\n\n<p>Le <strong>Mouvement du 6 Juin (M66)<\/strong> vous donne la parole.<br \/><strong>Votre t\u00e9moignage compte. Votre voix m\u00e9rite d\u2019\u00eatre entendue.<\/strong><\/p>\n<p>\u00a0<\/p>\n\n<h3 class=\"wp-block-heading\">Confidentialit\u00e9 et respect<\/h3>\n\n<p>Vos informations seront trait\u00e9es avec la plus <strong>grande discr\u00e9tion<\/strong>.<br \/>Aucun t\u00e9moignage ne sera publi\u00e9 ni partag\u00e9 sans votre consentement explicite.<\/p>\n\n<p>Vous pouvez t\u00e9moigner <strong>de mani\u00e8re anonyme<\/strong>, ou nous laisser vos coordonn\u00e9es si vous souhaitez \u00eatre recontact\u00e9(e) par notre cellule de suivi.<\/p>\n<p>\u00a0<\/p>\n\n<h3 class=\"wp-block-heading\">Remplissez le formulaire ci-joint<\/h3>\n\n<p>D\u00e9crivez librement ce que vous avez v\u00e9cu, vu ou entendu.<br \/><strong>Chaque mot peut contribuer au changement.<\/strong><\/p>\n\n<p>Notre \u00e9quipe vous lira avec attention et, si n\u00e9cessaire, vous contactera en toute confidentialit\u00e9.<\/p>\n\t\t\t\t\t\t\t\t<\/div>\n\t\t\t\t\t<\/div>\n\t\t\t\t<\/div>\n\t\t<div class=\"elementor-element elementor-element-5a047b7 e-flex e-con-boxed e-con e-parent\" data-id=\"5a047b7\" data-element_type=\"container\" data-e-type=\"container\">\n\t\t\t\t\t<div class=\"e-con-inner\">\n\t\t\t\t<div class=\"elementor-element elementor-element-ddd620f elementor-widget elementor-widget-spacer\" data-id=\"ddd620f\" data-element_type=\"widget\" data-e-type=\"widget\" data-widget_type=\"spacer.default\">\n\t\t\t\t\t\t\t<div class=\"elementor-spacer\">\n\t\t\t<div class=\"elementor-spacer-inner\"><\/div>\n\t\t<\/div>\n\t\t\t\t\t\t<\/div>\n\t\t\t\t\t<\/div>\n\t\t\t\t<\/div>\n\t\t<div class=\"elementor-element elementor-element-2d16381 e-flex e-con-boxed e-con e-parent\" data-id=\"2d16381\" data-element_type=\"container\" data-e-type=\"container\">\n\t\t\t\t\t<div class=\"e-con-inner\">\n\t\t\t\t<div class=\"elementor-element elementor-element-3935435 fluent-form-widget-step-header-yes fluent-form-widget-step-progressbar-yes fluentform-widget-submit-button-custom elementor-widget elementor-widget-fluent-form-widget\" data-id=\"3935435\" data-element_type=\"widget\" data-e-type=\"widget\" data-widget_type=\"fluent-form-widget.default\">\n\t\t\t\t<div class=\"elementor-widget-container\">\n\t\t\t\t\t\n            <div class=\"fluentform-widget-wrapper fluentform-widget-align-default\">\n\n            \n            <div class='fluentform ff-default fluentform_wrapper_5 ffs_default_wrap'><form data-form_id=\"5\" id=\"fluentform_5\" class=\"frm-fluent-form fluent_form_5 ff-el-form-top ff_form_instance_5_1 ff-form-loading ffs_default\" data-form_instance=\"ff_form_instance_5_1\" method=\"POST\" ><fieldset  style=\"border: none!important;margin: 0!important;padding: 0!important;background-color: transparent!important;box-shadow: none!important;outline: none!important; min-inline-size: 100%;\">\n                    <legend class=\"ff_screen_reader_title\" style=\"display: block; margin: 0!important;padding: 0!important;height: 0!important;text-indent: -999999px;width: 0!important;overflow:hidden;\">Formulaire T\u00e9moignage Exprimez-vous en toute discr\u00e9tion<\/legend><input type='hidden' name='__fluent_form_embded_post_id' value='4803' \/><input type=\"hidden\" id=\"_fluentform_5_fluentformnonce\" name=\"_fluentform_5_fluentformnonce\" value=\"5cb4998e56\" \/><input type=\"hidden\" name=\"_wp_http_referer\" value=\"\/en\/wp-json\/wp\/v2\/pages\/4803\" \/><div data-type=\"name-element\" data-name=\"nom_complet\" class=\" ff-field_container ff-name-field-wrapper\" ><div class='ff-t-container'><div class='ff-t-cell '><div class='ff-el-group ff-el-form-top'><div class=\"ff-el-input--label ff-el-is-required asterisk-right\"><label for='ff_5_nom_complet_prenom_' id='label_ff_5_nom_complet_prenom_' aria-label=\"Pr\u00e9nom\">Pr\u00e9nom<\/label><\/div><div class='ff-el-input--content'><input type=\"text\" name=\"nom_complet[prenom]\" id=\"ff_5_nom_complet_prenom_\" class=\"ff-el-form-control\" placeholder=\"Votre pr\u00e9nom\" aria-invalid=\"false\" aria-required=true><\/div><\/div><\/div><div class='ff-t-cell '><div class='ff-el-group ff-el-form-top'><div class=\"ff-el-input--label ff-el-is-required asterisk-right\"><label for='ff_5_nom_complet_nom_' id='label_ff_5_nom_complet_nom_' aria-label=\"Nom\">Nom<\/label><\/div><div class='ff-el-input--content'><input type=\"text\" name=\"nom_complet[nom]\" id=\"ff_5_nom_complet_nom_\" class=\"ff-el-form-control\" placeholder=\"Votre nom\" aria-invalid=\"false\" aria-required=true><\/div><\/div><\/div><\/div><\/div><div class='ff-el-group'><div class=\"ff-el-input--label asterisk-right\"><label for='ff_5_email' id='label_ff_5_email' aria-label=\"Adresse e-mail\">Adresse e-mail<\/label><\/div><div class='ff-el-input--content'><input type=\"email\" name=\"email\" id=\"ff_5_email\" class=\"ff-el-form-control\" placeholder=\"Votre adresse e-mail\" data-name=\"email\"  aria-invalid=\"false\" aria-required=false><\/div><\/div><div class='ff-el-group'><div class=\"ff-el-input--label asterisk-right\"><label for='ff_5_telephone' id='label_ff_5_telephone' aria-label=\"Num\u00e9ro de t\u00e9l\u00e9phone\">Num\u00e9ro de t\u00e9l\u00e9phone<\/label><\/div><div class='ff-el-input--content'><input name=\"telephone\" class=\"ff-el-form-control ff-el-phone\" type=\"tel\" placeholder=\"Votre num\u00e9ro de t\u00e9l\u00e9phone\" data-name=\"telephone\" id=\"ff_5_telephone\" inputmode=\"tel\"  aria-invalid='false' aria-required=false><\/div><\/div><div class='ff-el-group'><div class=\"ff-el-input--label ff-el-is-required asterisk-right\"><label for='ff_5_temoignage' id='label_ff_5_temoignage' aria-label=\"Votre t\u00e9moignage\">Votre t\u00e9moignage<\/label><\/div><div class='ff-el-input--content'><textarea aria-required=\"true\" aria-labelledby=\"label_ff_5_temoignage\" name=\"temoignage\" id=\"ff_5_temoignage\" class=\"ff-el-form-control\" placeholder=\"Votre t\u00e9moignage\" rows=\"3\" cols=\"2\" data-name=\"temoignage\" ><\/textarea><\/div><\/div><div class='ff-el-group'><div class=\"ff-el-input--label asterisk-right\"><label for='ff_5_fichier_1' id='label_ff_5_fichier_1' aria-label=\"Joindre un fichier (facultatif)\">Joindre un fichier (facultatif)<\/label><\/div><div class='ff-el-input--content'><label for='ff_5_fichier_1' class='ff_file_upload_holder'><span class='ff_upload_btn ff-btn' tabindex='0'>Choisir un fichier<\/span> <input type=\"file\" name=\"fichier\" id=\"ff_5_fichier_1\" class=\"ff-el-form-control  ff-screen-reader-element\" data-name=\"fichier\" multiple=\"1\"  aria-invalid='false' aria-required=false><\/label><\/div><\/div><div class='ff-el-group'><div class=\"ff-el-input--label ff-el-is-required asterisk-right\"><label   aria-label=\"Autorisation de publication\">Autorisation de publication<\/label><\/div><div class='ff-el-input--content'><div class='ff-el-form-check ff-el-form-check-'><label class='ff-el-form-check-label' for='accord_publication_7cb927d02c3c562a6ca564138bfba9ae'><input  type=\"checkbox\" name=\"accord_publication[]\" data-name=\"accord_publication\" class=\"ff-el-form-check-input ff-el-form-check-checkbox\" value=\"oui\"  id='accord_publication_7cb927d02c3c562a6ca564138bfba9ae' aria-label='J&#039;accepte que mon t\u00e9moignage soit publi\u00e9 (de mani\u00e8re anonyme si souhait\u00e9).' aria-invalid='false' aria-required=true> <span>J'accepte que mon t\u00e9moignage soit publi\u00e9 (de mani\u00e8re anonyme si souhait\u00e9).<\/span><\/label><\/div><\/div><\/div><div class='ff-el-group ff-text-left ff_submit_btn_wrapper'><button type=\"submit\" class=\"ff-btn ff-btn-submit ff-btn-md ff_btn_style\"  aria-label=\"Envoyer\">Envoyer <\/button><\/div><\/fieldset><\/form><div id='fluentform_5_errors' class='ff-errors-in-stack ff_form_instance_5_1 ff-form-loading_errors ff_form_instance_5_1_errors'><\/div><\/div>            <script type=\"text\/javascript\">\n                window.fluent_form_ff_form_instance_5_1 = {\"id\":\"5\",\"settings\":{\"layout\":{\"labelPlacement\":\"top\",\"asteriskPlacement\":\"asterisk-right\",\"helpMessagePlacement\":\"with_label\",\"errorMessagePlacement\":\"inline\",\"cssClassName\":\"\"},\"restrictions\":{\"denyEmptySubmission\":{\"enabled\":false}}},\"form_instance\":\"ff_form_instance_5_1\",\"form_id_selector\":\"fluentform_5\",\"rules\":{\"nom_complet[prenom]\":{\"required\":{\"value\":true,\"message\":\"This field is required\",\"global_message\":\"Ce champ est obligatoire\",\"global\":true}},\"nom_complet[middle_name]\":{\"required\":{\"value\":false,\"message\":\"This field is required\",\"global_message\":\"Ce champ est obligatoire\",\"global\":true}},\"nom_complet[nom]\":{\"required\":{\"value\":true,\"message\":\"This field is required\",\"global_message\":\"Ce champ est obligatoire\",\"global\":true}},\"email\":{\"email\":{\"value\":true,\"message\":\"This field must contain a valid email\",\"global_message\":\"Ce champ doit contenir un e-mail valide\",\"global\":true}},\"telephone\":{\"valid_phone_number\":{\"value\":false,\"global\":true,\"message\":\"Phone number is not valid\",\"global_message\":\"Le num\\u00e9ro de t\\u00e9l\\u00e9phone est invalide\"}},\"temoignage\":{\"required\":{\"value\":true,\"message\":\"This field is required\",\"global_message\":\"Ce champ est obligatoire\",\"global\":true}},\"fichier\":{\"required\":{\"value\":false,\"message\":\"This field is required\",\"global_message\":\"Ce champ est obligatoire\",\"global\":true},\"max_file_size\":{\"value\":104857600,\"_valueFrom\":\"MB\",\"message\":\"Validation fails for maximum file size\",\"global_message\":\"\\u00c9chec de la validation de la taille maximale de fichier\",\"global\":true},\"max_file_count\":{\"value\":\"5\",\"message\":\"Validation fails for maximum file count\",\"global_message\":\"\\u00c9chec de la validation du nombre maximal de fichiers\",\"global\":true},\"allowed_file_types\":{\"value\":[\"jpg|jpeg|gif|png|bmp\",\"mp3|wav|ogg|oga|wma|mka|m4a|ra|mid|midi|mpga\",\"avi|divx|flv|mov|ogv|mkv|mp4|m4v|divx|mpg|mpeg|mpe|video\\\/quicktime|qt\",\"pdf\",\"doc|ppt|pps|xls|mdb|docx|xlsx|pptx|odt|odp|ods|odg|odc|odb|odf|rtf|txt\",\"zip|gz|gzip|rar|7z\",\"exe\",\"csv\"],\"message\":\"Invalid file type\",\"global_message\":\"Type de fichier invalide\",\"global\":true}},\"accord_publication\":{\"required\":{\"value\":true,\"message\":\"This field is required\",\"global_message\":\"Ce champ est obligatoire\",\"global\":true}}},\"debounce_time\":300};\n                            <\/script>\n                        <\/div>\n\n            \t\t\t\t<\/div>\n\t\t\t\t<\/div>\n\t\t\t\t\t<\/div>\n\t\t\t\t<\/div>\n\t\t<div class=\"elementor-element elementor-element-a8e0f4c e-flex e-con-boxed e-con e-parent\" data-id=\"a8e0f4c\" data-element_type=\"container\" data-e-type=\"container\">\n\t\t\t\t\t<div class=\"e-con-inner\">\n\t\t\t\t<div class=\"elementor-element elementor-element-381f3a5 elementor-widget elementor-widget-spacer\" data-id=\"381f3a5\" data-element_type=\"widget\" data-e-type=\"widget\" data-widget_type=\"spacer.default\">\n\t\t\t\t\t\t\t<div class=\"elementor-spacer\">\n\t\t\t<div class=\"elementor-spacer-inner\"><\/div>\n\t\t<\/div>\n\t\t\t\t\t\t<\/div>\n\t\t\t\t\t<\/div>\n\t\t\t\t<\/div>\n\t\t\t\t<\/div>\n\t\t","protected":false},"excerpt":{"rendered":"<p>Exprimez-vous en toute discr\u00e9tion. Vous avez \u00e9t\u00e9 t\u00e9moin ou victime d\u2019un abus, d\u2019une injustice, d\u2019un acte de r\u00e9pression ou de violence au Togo ?Vous avez une histoire \u00e0 partager li\u00e9e \u00e0 la situation politique, sociale ou s\u00e9curitaire du pays ? Le Mouvement du 6 Juin (M66) vous donne la parole.Votre t\u00e9moignage compte. Votre voix m\u00e9rite [&hellip;]<\/p>\n","protected":false},"author":2,"featured_media":0,"parent":0,"menu_order":0,"comment_status":"closed","ping_status":"closed","template":"","meta":{"give_campaign_id":0,"footnotes":""},"class_list":["post-4803","page","type-page","status-publish","hentry"],"campaignId":"","_links":{"self":[{"href":"https:\/\/m66tg.org\/en\/wp-json\/wp\/v2\/pages\/4803","targetHints":{"allow":["GET"]}}],"collection":[{"href":"https:\/\/m66tg.org\/en\/wp-json\/wp\/v2\/pages"}],"about":[{"href":"https:\/\/m66tg.org\/en\/wp-json\/wp\/v2\/types\/page"}],"author":[{"embeddable":true,"href":"https:\/\/m66tg.org\/en\/wp-json\/wp\/v2\/users\/2"}],"replies":[{"embeddable":true,"href":"https:\/\/m66tg.org\/en\/wp-json\/wp\/v2\/comments?post=4803"}],"version-history":[{"count":4,"href":"https:\/\/m66tg.org\/en\/wp-json\/wp\/v2\/pages\/4803\/revisions"}],"predecessor-version":[{"id":4807,"href":"https:\/\/m66tg.org\/en\/wp-json\/wp\/v2\/pages\/4803\/revisions\/4807"}],"wp:attachment":[{"href":"https:\/\/m66tg.org\/en\/wp-json\/wp\/v2\/media?parent=4803"}],"curies":[{"name":"wp","href":"https:\/\/api.w.org\/{rel}","templated":true}]}}